{"id":1508,"date":"2023-05-03T11:39:30","date_gmt":"2023-05-03T09:39:30","guid":{"rendered":"https:\/\/www.ceres-advisory.io\/?page_id=1508"},"modified":"2024-12-03T09:52:53","modified_gmt":"2024-12-03T08:52:53","slug":"reservation","status":"publish","type":"page","link":"https:\/\/www.ceres-advisory.io\/index.php\/the-blockchain-academy\/reservation\/","title":{"rendered":"R\u00e9servation"},"content":{"rendered":"<p>[et_pb_section fb_built=\u00a0\u00bb1&Prime; module_class=\u00a0\u00bbheader-page-section\u00a0\u00bb _builder_version=\u00a0\u00bb4.21.0&Prime; _module_preset=\u00a0\u00bbdefault\u00a0\u00bb use_background_color_gradient=\u00a0\u00bbon\u00a0\u00bb background_color_gradient_stops=\u00a0\u00bbrgba(10,1,1,0.7) 0%|rgba(10,1,1,0.7) 100%\u00a0\u00bb background_color_gradient_overlays_image=\u00a0\u00bbon\u00a0\u00bb background_image=\u00a0\u00bbhttps:\/\/www.ceres-advisory.io\/wp-content\/uploads\/2023\/05\/blockchainacademy.jpg\u00a0\u00bb locked=\u00a0\u00bboff\u00a0\u00bb global_colors_info=\u00a0\u00bb{}\u00a0\u00bb][et_pb_row module_class=\u00a0\u00bbheader-page-row\u00a0\u00bb _builder_version=\u00a0\u00bb4.21.0&Prime; _module_preset=\u00a0\u00bbdefault\u00a0\u00bb global_colors_info=\u00a0\u00bb{}\u00a0\u00bb][et_pb_column type=\u00a0\u00bb4_4&Prime; _builder_version=\u00a0\u00bb4.21.0&Prime; _module_preset=\u00a0\u00bbdefault\u00a0\u00bb global_colors_info=\u00a0\u00bb{}\u00a0\u00bb][et_pb_cta admin_label=\u00a0\u00bbTitre\u00a0\u00bb module_class=\u00a0\u00bbheader-page-module\u00a0\u00bb _builder_version=\u00a0\u00bb4.22.2&Prime; _module_preset=\u00a0\u00bbdefault\u00a0\u00bb global_colors_info=\u00a0\u00bb{}\u00a0\u00bb]<\/p>\n<p>R\u00e9server une place<\/p>\n<p><img loading=\"lazy\" decoding=\"async\" class=\"wp-image-1310 alignnone size-full\" src=\"https:\/\/www.ceres-advisory.io\/wp-content\/uploads\/2023\/05\/logo-blockchain-academy-1.png\" alt=\"\" width=\"834\" height=\"140\" srcset=\"https:\/\/www.ceres-advisory.io\/wp-content\/uploads\/2023\/05\/logo-blockchain-academy-1.png 834w, https:\/\/www.ceres-advisory.io\/wp-content\/uploads\/2023\/05\/logo-blockchain-academy-1-480x81.png 480w\" sizes=\"(min-width: 0px) and (max-width: 480px) 480px, (min-width: 481px) 834px, 100vw\" \/><\/p>\n<p>Choisissez votre cr\u00e9neau pour la formation \u00ab\u00a0Fondamentaux de la Blockchain\u00a0\u00bb<\/p>\n<p>[\/et_pb_cta][\/et_pb_column][\/et_pb_row][\/et_pb_section][et_pb_section fb_built=\u00a0\u00bb1&Prime; module_class=\u00a0\u00bbcal-section\u00a0\u00bb _builder_version=\u00a0\u00bb4.21.0&Prime; _module_preset=\u00a0\u00bbdefault\u00a0\u00bb global_colors_info=\u00a0\u00bb{}\u00a0\u00bb][et_pb_row module_class=\u00a0\u00bbcal-row\u00a0\u00bb _builder_version=\u00a0\u00bb4.21.0&Prime; _module_preset=\u00a0\u00bbdefault\u00a0\u00bb global_colors_info=\u00a0\u00bb{}\u00a0\u00bb][et_pb_column type=\u00a0\u00bb4_4&Prime; _builder_version=\u00a0\u00bb4.21.0&Prime; _module_preset=\u00a0\u00bbdefault\u00a0\u00bb global_colors_info=\u00a0\u00bb{}\u00a0\u00bb][et_pb_button button_url=\u00a0\u00bbhttps:\/\/www.ceres-advisory.io\/index.php\/the-blockchain-academy\/\u00a0\u00bb button_text=\u00a0\u00bbRetour\u00a0\u00bb _builder_version=\u00a0\u00bb4.21.0&Prime; _module_preset=\u00a0\u00bbdefault\u00a0\u00bb global_colors_info=\u00a0\u00bb{}\u00a0\u00bb][\/et_pb_button][et_pb_code module_class=\u00a0\u00bbcal-module\u00a0\u00bb _builder_version=\u00a0\u00bb4.21.0&Prime; _module_preset=\u00a0\u00bbdefault\u00a0\u00bb global_colors_info=\u00a0\u00bb{}\u00a0\u00bb]<\/p>\n<div class=\"calendly-inline-widget\" data-url=\"https:\/\/calendly.com\/ceres_blockchain_academy\" style=\"min-width:320px;height:800px;\"><\/div>\n<p><!-- [et_pb_line_break_holder] --><script type=\"text\/javascript\" src=\"https:\/\/assets.calendly.com\/assets\/external\/widget.js\" async><\/script>[\/et_pb_code][\/et_pb_column][\/et_pb_row][\/et_pb_section]<\/p>\n","protected":false},"excerpt":{"rendered":"<p>R\u00e9server une place Choisissez votre cr\u00e9neau pour la formation \u00ab\u00a0Fondamentaux de la Blockchain\u00a0\u00bb<\/p>\n","protected":false},"author":2,"featured_media":0,"parent":1303,"menu_order":0,"comment_status":"closed","ping_status":"closed","template":"","meta":{"_et_pb_use_builder":"on","_et_pb_old_content":"","_et_gb_content_width":"","footnotes":""},"class_list":["post-1508","page","type-page","status-publish","hentry"],"yoast_head":"<!-- This site is optimized with the Yoast SEO plugin v27.4 - https:\/\/yoast.com\/product\/yoast-seo-wordpress\/ -->\n<title>R\u00e9servation - Ceres Advisory<\/title>\n<meta name=\"robots\" content=\"index, follow, max-snippet:-1, max-image-preview:large, max-video-preview:-1\" \/>\n<link rel=\"canonical\" href=\"https:\/\/www.ceres-advisory.io\/index.php\/the-blockchain-academy\/reservation\/\" \/>\n<meta property=\"og:locale\" content=\"fr_FR\" \/>\n<meta property=\"og:type\" content=\"article\" \/>\n<meta property=\"og:title\" content=\"R\u00e9servation - Ceres Advisory\" \/>\n<meta property=\"og:description\" content=\"R\u00e9server une place Choisissez votre cr\u00e9neau pour la formation &quot;Fondamentaux de la Blockchain&quot;\" \/>\n<meta property=\"og:url\" content=\"https:\/\/www.ceres-advisory.io\/index.php\/the-blockchain-academy\/reservation\/\" \/>\n<meta property=\"og:site_name\" content=\"Ceres Advisory\" \/>\n<meta property=\"article:modified_time\" content=\"2024-12-03T08:52:53+00:00\" \/>\n<meta property=\"og:image\" content=\"https:\/\/www.ceres-advisory.io\/wp-content\/uploads\/2023\/05\/logo-blockchain-academy-1.png\" \/>\n\t<meta property=\"og:image:width\" content=\"834\" \/>\n\t<meta property=\"og:image:height\" content=\"140\" \/>\n\t<meta property=\"og:image:type\" content=\"image\/png\" \/>\n<meta name=\"twitter:card\" content=\"summary_large_image\" \/>\n<meta name=\"twitter:label1\" content=\"Dur\u00e9e de lecture estim\u00e9e\" \/>\n\t<meta name=\"twitter:data1\" content=\"1 minute\" \/>\n<script type=\"application\/ld+json\" class=\"yoast-schema-graph\">{\"@context\":\"https:\\\/\\\/schema.org\",\"@graph\":[{\"@type\":\"WebPage\",\"@id\":\"https:\\\/\\\/www.ceres-advisory.io\\\/index.php\\\/the-blockchain-academy\\\/reservation\\\/\",\"url\":\"https:\\\/\\\/www.ceres-advisory.io\\\/index.php\\\/the-blockchain-academy\\\/reservation\\\/\",\"name\":\"R\u00e9servation - Ceres Advisory\",\"isPartOf\":{\"@id\":\"https:\\\/\\\/www.ceres-advisory.io\\\/#website\"},\"primaryImageOfPage\":{\"@id\":\"https:\\\/\\\/www.ceres-advisory.io\\\/index.php\\\/the-blockchain-academy\\\/reservation\\\/#primaryimage\"},\"image\":{\"@id\":\"https:\\\/\\\/www.ceres-advisory.io\\\/index.php\\\/the-blockchain-academy\\\/reservation\\\/#primaryimage\"},\"thumbnailUrl\":\"https:\\\/\\\/www.ceres-advisory.io\\\/wp-content\\\/uploads\\\/2023\\\/05\\\/logo-blockchain-academy-1.png\",\"datePublished\":\"2023-05-03T09:39:30+00:00\",\"dateModified\":\"2024-12-03T08:52:53+00:00\",\"breadcrumb\":{\"@id\":\"https:\\\/\\\/www.ceres-advisory.io\\\/index.php\\\/the-blockchain-academy\\\/reservation\\\/#breadcrumb\"},\"inLanguage\":\"fr-FR\",\"potentialAction\":[{\"@type\":\"ReadAction\",\"target\":[\"https:\\\/\\\/www.ceres-advisory.io\\\/index.php\\\/the-blockchain-academy\\\/reservation\\\/\"]}]},{\"@type\":\"ImageObject\",\"inLanguage\":\"fr-FR\",\"@id\":\"https:\\\/\\\/www.ceres-advisory.io\\\/index.php\\\/the-blockchain-academy\\\/reservation\\\/#primaryimage\",\"url\":\"https:\\\/\\\/www.ceres-advisory.io\\\/wp-content\\\/uploads\\\/2023\\\/05\\\/logo-blockchain-academy-1.png\",\"contentUrl\":\"https:\\\/\\\/www.ceres-advisory.io\\\/wp-content\\\/uploads\\\/2023\\\/05\\\/logo-blockchain-academy-1.png\",\"width\":834,\"height\":140},{\"@type\":\"BreadcrumbList\",\"@id\":\"https:\\\/\\\/www.ceres-advisory.io\\\/index.php\\\/the-blockchain-academy\\\/reservation\\\/#breadcrumb\",\"itemListElement\":[{\"@type\":\"ListItem\",\"position\":1,\"name\":\"Accueil\",\"item\":\"https:\\\/\\\/www.ceres-advisory.io\\\/\"},{\"@type\":\"ListItem\",\"position\":2,\"name\":\"The Blockchain Academy\",\"item\":\"https:\\\/\\\/www.ceres-advisory.io\\\/index.php\\\/the-blockchain-academy\\\/\"},{\"@type\":\"ListItem\",\"position\":3,\"name\":\"R\u00e9servation\"}]},{\"@type\":\"WebSite\",\"@id\":\"https:\\\/\\\/www.ceres-advisory.io\\\/#website\",\"url\":\"https:\\\/\\\/www.ceres-advisory.io\\\/\",\"name\":\"Ceres Advisory\",\"description\":\"Un site utilisant WordPress\",\"potentialAction\":[{\"@type\":\"SearchAction\",\"target\":{\"@type\":\"EntryPoint\",\"urlTemplate\":\"https:\\\/\\\/www.ceres-advisory.io\\\/?s={search_term_string}\"},\"query-input\":{\"@type\":\"PropertyValueSpecification\",\"valueRequired\":true,\"valueName\":\"search_term_string\"}}],\"inLanguage\":\"fr-FR\"}]}<\/script>\n<!-- \/ Yoast SEO plugin. -->","yoast_head_json":{"title":"R\u00e9servation - Ceres Advisory","robots":{"index":"index","follow":"follow","max-snippet":"max-snippet:-1","max-image-preview":"max-image-preview:large","max-video-preview":"max-video-preview:-1"},"canonical":"https:\/\/www.ceres-advisory.io\/index.php\/the-blockchain-academy\/reservation\/","og_locale":"fr_FR","og_type":"article","og_title":"R\u00e9servation - Ceres Advisory","og_description":"R\u00e9server une place Choisissez votre cr\u00e9neau pour la formation \"Fondamentaux de la Blockchain\"","og_url":"https:\/\/www.ceres-advisory.io\/index.php\/the-blockchain-academy\/reservation\/","og_site_name":"Ceres Advisory","article_modified_time":"2024-12-03T08:52:53+00:00","og_image":[{"width":834,"height":140,"url":"https:\/\/www.ceres-advisory.io\/wp-content\/uploads\/2023\/05\/logo-blockchain-academy-1.png","type":"image\/png"}],"twitter_card":"summary_large_image","twitter_misc":{"Dur\u00e9e de lecture estim\u00e9e":"1 minute"},"schema":{"@context":"https:\/\/schema.org","@graph":[{"@type":"WebPage","@id":"https:\/\/www.ceres-advisory.io\/index.php\/the-blockchain-academy\/reservation\/","url":"https:\/\/www.ceres-advisory.io\/index.php\/the-blockchain-academy\/reservation\/","name":"R\u00e9servation - Ceres Advisory","isPartOf":{"@id":"https:\/\/www.ceres-advisory.io\/#website"},"primaryImageOfPage":{"@id":"https:\/\/www.ceres-advisory.io\/index.php\/the-blockchain-academy\/reservation\/#primaryimage"},"image":{"@id":"https:\/\/www.ceres-advisory.io\/index.php\/the-blockchain-academy\/reservation\/#primaryimage"},"thumbnailUrl":"https:\/\/www.ceres-advisory.io\/wp-content\/uploads\/2023\/05\/logo-blockchain-academy-1.png","datePublished":"2023-05-03T09:39:30+00:00","dateModified":"2024-12-03T08:52:53+00:00","breadcrumb":{"@id":"https:\/\/www.ceres-advisory.io\/index.php\/the-blockchain-academy\/reservation\/#breadcrumb"},"inLanguage":"fr-FR","potentialAction":[{"@type":"ReadAction","target":["https:\/\/www.ceres-advisory.io\/index.php\/the-blockchain-academy\/reservation\/"]}]},{"@type":"ImageObject","inLanguage":"fr-FR","@id":"https:\/\/www.ceres-advisory.io\/index.php\/the-blockchain-academy\/reservation\/#primaryimage","url":"https:\/\/www.ceres-advisory.io\/wp-content\/uploads\/2023\/05\/logo-blockchain-academy-1.png","contentUrl":"https:\/\/www.ceres-advisory.io\/wp-content\/uploads\/2023\/05\/logo-blockchain-academy-1.png","width":834,"height":140},{"@type":"BreadcrumbList","@id":"https:\/\/www.ceres-advisory.io\/index.php\/the-blockchain-academy\/reservation\/#breadcrumb","itemListElement":[{"@type":"ListItem","position":1,"name":"Accueil","item":"https:\/\/www.ceres-advisory.io\/"},{"@type":"ListItem","position":2,"name":"The Blockchain Academy","item":"https:\/\/www.ceres-advisory.io\/index.php\/the-blockchain-academy\/"},{"@type":"ListItem","position":3,"name":"R\u00e9servation"}]},{"@type":"WebSite","@id":"https:\/\/www.ceres-advisory.io\/#website","url":"https:\/\/www.ceres-advisory.io\/","name":"Ceres Advisory","description":"Un site utilisant WordPress","potentialAction":[{"@type":"SearchAction","target":{"@type":"EntryPoint","urlTemplate":"https:\/\/www.ceres-advisory.io\/?s={search_term_string}"},"query-input":{"@type":"PropertyValueSpecification","valueRequired":true,"valueName":"search_term_string"}}],"inLanguage":"fr-FR"}]}},"_links":{"self":[{"href":"https:\/\/www.ceres-advisory.io\/index.php\/wp-json\/wp\/v2\/pages\/1508","targetHints":{"allow":["GET"]}}],"collection":[{"href":"https:\/\/www.ceres-advisory.io\/index.php\/wp-json\/wp\/v2\/pages"}],"about":[{"href":"https:\/\/www.ceres-advisory.io\/index.php\/wp-json\/wp\/v2\/types\/page"}],"author":[{"embeddable":true,"href":"https:\/\/www.ceres-advisory.io\/index.php\/wp-json\/wp\/v2\/users\/2"}],"replies":[{"embeddable":true,"href":"https:\/\/www.ceres-advisory.io\/index.php\/wp-json\/wp\/v2\/comments?post=1508"}],"version-history":[{"count":22,"href":"https:\/\/www.ceres-advisory.io\/index.php\/wp-json\/wp\/v2\/pages\/1508\/revisions"}],"predecessor-version":[{"id":2605,"href":"https:\/\/www.ceres-advisory.io\/index.php\/wp-json\/wp\/v2\/pages\/1508\/revisions\/2605"}],"up":[{"embeddable":true,"href":"https:\/\/www.ceres-advisory.io\/index.php\/wp-json\/wp\/v2\/pages\/1303"}],"wp:attachment":[{"href":"https:\/\/www.ceres-advisory.io\/index.php\/wp-json\/wp\/v2\/media?parent=1508"}],"curies":[{"name":"wp","href":"https:\/\/api.w.org\/{rel}","templated":true}]}}